{"id":6241,"date":"2021-03-10T07:08:11","date_gmt":"2021-03-10T07:08:11","guid":{"rendered":"https:\/\/bionimeusa.com\/?post_type=product&#038;p=6241"},"modified":"2021-04-12T06:48:06","modified_gmt":"2021-04-12T06:48:06","slug":"bionime-usa-control-solution","status":"publish","type":"product","link":"https:\/\/bionimeusa.com\/es\/producto\/bionime-usa-control-solution\/","title":{"rendered":"Soluci\u00f3n de control de Bionime"},"content":{"rendered":"","protected":false},"excerpt":{"rendered":"<p>Verifique y confirme la precisi\u00f3n de su medidor y tiras reactivas con nuestras soluciones de control. Cada soluci\u00f3n contiene glucosa a una concentraci\u00f3n conocida. Simplemente haga una prueba de forma normal y use la soluci\u00f3n de control en lugar de una muestra de sangre. Compruebe si el resultado coincide con el resultado esperado. Si es as\u00ed, su medidor y sus tiras funcionan correctamente.<\/p>","protected":false},"featured_media":5133,"template":"","meta":[],"class_list":["post-6241","product","type-product","status-publish","has-post-thumbnail","hentry","product_cat-ancillary-suppplies","product_cat-rightest"],"yoast_head":"<!-- This site is optimized with the Yoast SEO plugin v15.9.1 - https:\/\/yoast.com\/wordpress\/plugins\/seo\/ -->\n<title>Bionime Control Solution - Ancillary Supplies - BIONIMEUSA.COM<\/title>\n<meta name=\"description\" content=\"Control solution for use with Bionime Rightest Blood Glucose Meters. Quality diabetes management technology from from Bionime USA.\" \/>\n<link rel=\"canonical\" href=\"https:\/\/bionimeusa.com\/es\/producto\/bionime-usa-control-solution\/\" \/>\n<meta property=\"og:locale\" content=\"es_ES\" \/>\n<meta property=\"og:type\" content=\"article\" \/>\n<meta property=\"og:title\" content=\"Bionime Control Solution - Ancillary Supplies - BIONIMEUSA.COM\" \/>\n<meta property=\"og:description\" content=\"Control solution for use with Bionime Rightest Blood Glucose Meters. Quality diabetes management technology from from Bionime USA.\" \/>\n<meta property=\"og:url\" content=\"https:\/\/bionimeusa.com\/es\/producto\/bionime-usa-control-solution\/\" \/>\n<meta property=\"og:site_name\" content=\"BIONIMEUSA.COM\" \/>\n<meta property=\"article:modified_time\" content=\"2021-04-12T06:48:06+00:00\" \/>\n<meta property=\"og:image\" content=\"https:\/\/bionimeusa.com\/wp-content\/uploads\/2020\/12\/blue-control-fit-wide-back3.png\" \/>\n\t<meta property=\"og:image:width\" content=\"1500\" \/>\n\t<meta property=\"og:image:height\" content=\"1628\" \/>\n<meta name=\"twitter:card\" content=\"summary_large_image\" \/>\n<script type=\"application\/ld+json\" class=\"yoast-schema-graph\">{\"@context\":\"https:\/\/schema.org\",\"@graph\":[{\"@type\":\"WebSite\",\"@id\":\"https:\/\/bionimeusa.com\/#website\",\"url\":\"https:\/\/bionimeusa.com\/\",\"name\":\"BIONIMEUSA.COM\",\"description\":\"Bionime USA is part of Bionime, a manufacturer of innovative diabetes management technologies specializing in blood glucose meters and premium strip technology\",\"potentialAction\":[{\"@type\":\"SearchAction\",\"target\":\"https:\/\/bionimeusa.com\/?s={search_term_string}\",\"query-input\":\"required name=search_term_string\"}],\"inLanguage\":\"es\"},{\"@type\":\"ImageObject\",\"@id\":\"https:\/\/bionimeusa.com\/es\/producto\/bionime-usa-control-solution\/#primaryimage\",\"inLanguage\":\"es\",\"url\":\"https:\/\/bionimeusa.com\/wp-content\/uploads\/2020\/12\/blue-control-fit-wide-back3.png\",\"width\":1500,\"height\":1628,\"caption\":\"Blue Control Solution\"},{\"@type\":\"WebPage\",\"@id\":\"https:\/\/bionimeusa.com\/es\/producto\/bionime-usa-control-solution\/#webpage\",\"url\":\"https:\/\/bionimeusa.com\/es\/producto\/bionime-usa-control-solution\/\",\"name\":\"Bionime Control Solution - Ancillary Supplies - BIONIMEUSA.COM\",\"isPartOf\":{\"@id\":\"https:\/\/bionimeusa.com\/#website\"},\"primaryImageOfPage\":{\"@id\":\"https:\/\/bionimeusa.com\/es\/producto\/bionime-usa-control-solution\/#primaryimage\"},\"datePublished\":\"2021-03-10T07:08:11+00:00\",\"dateModified\":\"2021-04-12T06:48:06+00:00\",\"description\":\"Control solution for use with Bionime Rightest Blood Glucose Meters. Quality diabetes management technology from from Bionime USA.\",\"breadcrumb\":{\"@id\":\"https:\/\/bionimeusa.com\/es\/producto\/bionime-usa-control-solution\/#breadcrumb\"},\"inLanguage\":\"es\",\"potentialAction\":[{\"@type\":\"ReadAction\",\"target\":[\"https:\/\/bionimeusa.com\/es\/producto\/bionime-usa-control-solution\/\"]}]},{\"@type\":\"BreadcrumbList\",\"@id\":\"https:\/\/bionimeusa.com\/es\/producto\/bionime-usa-control-solution\/#breadcrumb\",\"itemListElement\":[{\"@type\":\"ListItem\",\"position\":1,\"item\":{\"@type\":\"WebPage\",\"@id\":\"https:\/\/bionimeusa.com\/\",\"url\":\"https:\/\/bionimeusa.com\/\",\"name\":\"Home\"}},{\"@type\":\"ListItem\",\"position\":2,\"item\":{\"@type\":\"WebPage\",\"@id\":\"\",\"url\":\"\",\"name\":\"\"}},{\"@type\":\"ListItem\",\"position\":3,\"item\":{\"@type\":\"WebPage\",\"@id\":\"https:\/\/bionimeusa.com\/es\/producto\/bionime-usa-control-solution\/\",\"url\":\"https:\/\/bionimeusa.com\/es\/producto\/bionime-usa-control-solution\/\",\"name\":\"Bionime Control Solution\"}}]}]}<\/script>\n<!-- \/ Yoast SEO plugin. -->","_links":{"self":[{"href":"https:\/\/bionimeusa.com\/es\/wp-json\/wp\/v2\/product\/6241","targetHints":{"allow":["GET"]}}],"collection":[{"href":"https:\/\/bionimeusa.com\/es\/wp-json\/wp\/v2\/product"}],"about":[{"href":"https:\/\/bionimeusa.com\/es\/wp-json\/wp\/v2\/types\/product"}],"version-history":[{"count":1,"href":"https:\/\/bionimeusa.com\/es\/wp-json\/wp\/v2\/product\/6241\/revisions"}],"predecessor-version":[{"id":6426,"href":"https:\/\/bionimeusa.com\/es\/wp-json\/wp\/v2\/product\/6241\/revisions\/6426"}],"wp:featuredmedia":[{"embeddable":true,"href":"https:\/\/bionimeusa.com\/es\/wp-json\/wp\/v2\/media\/5133"}],"wp:attachment":[{"href":"https:\/\/bionimeusa.com\/es\/wp-json\/wp\/v2\/media?parent=6241"}],"curies":[{"name":"wp","href":"https:\/\/api.w.org\/{rel}","templated":true}]}}