{"id":6255,"date":"2021-03-10T08:11:27","date_gmt":"2021-03-10T08:11:27","guid":{"rendered":"https:\/\/bionimeusa.com\/?post_type=product&#038;p=6255"},"modified":"2021-03-12T09:11:23","modified_gmt":"2021-03-12T09:11:23","slug":"ge-lancing-device","status":"publish","type":"product","link":"https:\/\/bionimeusa.com\/es\/producto\/ge-lancing-device\/","title":{"rendered":"Dispositivo de punci\u00f3n GE"},"content":{"rendered":"<div data-elementor-type=\"wp-post\" data-elementor-id=\"6255\" class=\"elementor elementor-6255\" data-elementor-settings=\"[]\">\n\t\t\t\t\t\t\t<div class=\"elementor-section-wrap\">\n\t\t\t\t\t\t\t<section class=\"elementor-section elementor-top-section elementor-element elementor-element-c7ddb08 elementor-section-boxed elementor-section-height-default elementor-section-height-default\" data-id=\"c7ddb08\" data-element_type=\"section\">\n\t\t\t\t\t\t<div class=\"elementor-container elementor-column-gap-default\">\n\t\t\t\t\t<div class=\"elementor-column elementor-col-33 elementor-top-column elementor-element elementor-element-6453006\" data-id=\"6453006\" data-element_type=\"column\">\n\t\t\t<div class=\"elementor-widget-wrap elementor-element-populated\">\n\t\t\t\t\t\t\t\t<div class=\"elementor-element elementor-element-53bc720 elementor-position-top elementor-vertical-align-top elementor-widget elementor-widget-image-box\" data-id=\"53bc720\" data-element_type=\"widget\" data-widget_type=\"image-box.default\">\n\t\t\t\t<div class=\"elementor-widget-container\">\n\t\t\t<div class=\"elementor-image-box-wrapper\"><figure class=\"elementor-image-box-img\"><img loading=\"lazy\" decoding=\"async\" width=\"201\" height=\"201\" src=\"https:\/\/bionimeusa.com\/wp-content\/uploads\/2020\/12\/01-easy-eject.png\" class=\"attachment-full size-full\" alt=\"Easy Eject\" srcset=\"https:\/\/bionimeusa.com\/wp-content\/uploads\/2020\/12\/01-easy-eject.png 201w, https:\/\/bionimeusa.com\/wp-content\/uploads\/2020\/12\/01-easy-eject-150x150.png 150w\" sizes=\"auto, (max-width: 201px) 100vw, 201px\" \/><\/figure><div class=\"elementor-image-box-content\"><h3 class=\"elementor-image-box-title\">Expulsi\u00f3n f\u00e1cil<\/h3><p class=\"elementor-image-box-description\">Expulse de forma segura las lancetas usadas sin pincharse accidentalmente.<\/p><\/div><\/div>\t\t<\/div>\n\t\t\t\t<\/div>\n\t\t\t\t\t<\/div>\n\t\t<\/div>\n\t\t\t\t<div class=\"elementor-column elementor-col-33 elementor-top-column elementor-element elementor-element-878b1a4\" data-id=\"878b1a4\" data-element_type=\"column\">\n\t\t\t<div class=\"elementor-widget-wrap elementor-element-populated\">\n\t\t\t\t\t\t\t\t<div class=\"elementor-element elementor-element-3a7ba8d elementor-position-top elementor-vertical-align-top elementor-widget elementor-widget-image-box\" data-id=\"3a7ba8d\" data-element_type=\"widget\" data-widget_type=\"image-box.default\">\n\t\t\t\t<div class=\"elementor-widget-container\">\n\t\t\t<div class=\"elementor-image-box-wrapper\"><figure class=\"elementor-image-box-img\"><img loading=\"lazy\" decoding=\"async\" width=\"201\" height=\"201\" src=\"https:\/\/bionimeusa.com\/wp-content\/uploads\/2020\/12\/02-customizable-depth.png\" class=\"attachment-full size-full\" alt=\"Customizable Depth\" srcset=\"https:\/\/bionimeusa.com\/wp-content\/uploads\/2020\/12\/02-customizable-depth.png 201w, https:\/\/bionimeusa.com\/wp-content\/uploads\/2020\/12\/02-customizable-depth-150x150.png 150w\" sizes=\"auto, (max-width: 201px) 100vw, 201px\" \/><\/figure><div class=\"elementor-image-box-content\"><h3 class=\"elementor-image-box-title\">Profundidad personalizable<\/h3><p class=\"elementor-image-box-description\">El nuevo dise\u00f1o le permite seleccionar entre 7 profundidades de penetraci\u00f3n para adaptarse a usted y a su piel.<\/p><\/div><\/div>\t\t<\/div>\n\t\t\t\t<\/div>\n\t\t\t\t\t<\/div>\n\t\t<\/div>\n\t\t\t\t<div class=\"elementor-column elementor-col-33 elementor-top-column elementor-element elementor-element-d403246\" data-id=\"d403246\" data-element_type=\"column\">\n\t\t\t<div class=\"elementor-widget-wrap elementor-element-populated\">\n\t\t\t\t\t\t\t\t<div class=\"elementor-element elementor-element-cdc3bb8 elementor-position-top elementor-vertical-align-top elementor-widget elementor-widget-image-box\" data-id=\"cdc3bb8\" data-element_type=\"widget\" data-widget_type=\"image-box.default\">\n\t\t\t\t<div class=\"elementor-widget-container\">\n\t\t\t<div class=\"elementor-image-box-wrapper\"><figure class=\"elementor-image-box-img\"><img loading=\"lazy\" decoding=\"async\" width=\"201\" height=\"201\" src=\"https:\/\/bionimeusa.com\/wp-content\/uploads\/2020\/12\/03-convenient.png\" class=\"attachment-full size-full\" alt=\"Convenient\" srcset=\"https:\/\/bionimeusa.com\/wp-content\/uploads\/2020\/12\/03-convenient.png 201w, https:\/\/bionimeusa.com\/wp-content\/uploads\/2020\/12\/03-convenient-150x150.png 150w\" sizes=\"auto, (max-width: 201px) 100vw, 201px\" \/><\/figure><div class=\"elementor-image-box-content\"><h3 class=\"elementor-image-box-title\">Conveniente<\/h3><p class=\"elementor-image-box-description\">Dise\u00f1o compacto y ergon\u00f3mico.<\/p><\/div><\/div>\t\t<\/div>\n\t\t\t\t<\/div>\n\t\t\t\t\t<\/div>\n\t\t<\/div>\n\t\t\t\t\t\t\t<\/div>\n\t\t<\/section>\n\t\t\t\t<section class=\"elementor-section elementor-top-section elementor-element elementor-element-9da7ecc elementor-section-boxed elementor-section-height-default elementor-section-height-default\" data-id=\"9da7ecc\" data-element_type=\"section\">\n\t\t\t\t\t\t<div class=\"elementor-container elementor-column-gap-default\">\n\t\t\t\t\t<div class=\"elementor-column elementor-col-25 elementor-top-column elementor-element elementor-element-483e2fc\" data-id=\"483e2fc\" data-element_type=\"column\">\n\t\t\t<div class=\"elementor-widget-wrap\">\n\t\t\t\t\t\t\t\t\t<\/div>\n\t\t<\/div>\n\t\t\t\t<div class=\"elementor-column elementor-col-25 elementor-top-column elementor-element elementor-element-4fd8653\" data-id=\"4fd8653\" data-element_type=\"column\">\n\t\t\t<div class=\"elementor-widget-wrap elementor-element-populated\">\n\t\t\t\t\t\t\t\t<div class=\"elementor-element elementor-element-a5678c4 elementor-position-top elementor-vertical-align-top elementor-widget elementor-widget-image-box\" data-id=\"a5678c4\" data-element_type=\"widget\" data-widget_type=\"image-box.default\">\n\t\t\t\t<div class=\"elementor-widget-container\">\n\t\t\t<div class=\"elementor-image-box-wrapper\"><figure class=\"elementor-image-box-img\"><img loading=\"lazy\" decoding=\"async\" width=\"201\" height=\"201\" src=\"https:\/\/bionimeusa.com\/wp-content\/uploads\/2020\/12\/04-less-pain.png\" class=\"attachment-full size-full\" alt=\"Less pain\" srcset=\"https:\/\/bionimeusa.com\/wp-content\/uploads\/2020\/12\/04-less-pain.png 201w, https:\/\/bionimeusa.com\/wp-content\/uploads\/2020\/12\/04-less-pain-150x150.png 150w\" sizes=\"auto, (max-width: 201px) 100vw, 201px\" \/><\/figure><div class=\"elementor-image-box-content\"><h3 class=\"elementor-image-box-title\">Menos dolor<\/h3><p class=\"elementor-image-box-description\">La tecnolog\u00eda de gu\u00eda de lancetas sin vibraciones hace que el pinchazo sea casi indoloro.<\/p><\/div><\/div>\t\t<\/div>\n\t\t\t\t<\/div>\n\t\t\t\t\t<\/div>\n\t\t<\/div>\n\t\t\t\t<div class=\"elementor-column elementor-col-25 elementor-top-column elementor-element elementor-element-85d71b0\" data-id=\"85d71b0\" data-element_type=\"column\">\n\t\t\t<div class=\"elementor-widget-wrap elementor-element-populated\">\n\t\t\t\t\t\t\t\t<div class=\"elementor-element elementor-element-8af8b9b elementor-position-top elementor-vertical-align-top elementor-widget elementor-widget-image-box\" data-id=\"8af8b9b\" data-element_type=\"widget\" data-widget_type=\"image-box.default\">\n\t\t\t\t<div class=\"elementor-widget-container\">\n\t\t\t<div class=\"elementor-image-box-wrapper\"><figure class=\"elementor-image-box-img\"><img loading=\"lazy\" decoding=\"async\" width=\"201\" height=\"201\" src=\"https:\/\/bionimeusa.com\/wp-content\/uploads\/2020\/12\/05-safety-1.png\" class=\"attachment-full size-full\" alt=\"Safety\" srcset=\"https:\/\/bionimeusa.com\/wp-content\/uploads\/2020\/12\/05-safety-1.png 201w, https:\/\/bionimeusa.com\/wp-content\/uploads\/2020\/12\/05-safety-1-150x150.png 150w\" sizes=\"auto, (max-width: 201px) 100vw, 201px\" \/><\/figure><div class=\"elementor-image-box-content\"><h3 class=\"elementor-image-box-title\">La seguridad<\/h3><p class=\"elementor-image-box-description\">La pesta\u00f1a de seguridad evita la activaci\u00f3n accidental cuando se quita la tapa.<\/p><\/div><\/div>\t\t<\/div>\n\t\t\t\t<\/div>\n\t\t\t\t\t<\/div>\n\t\t<\/div>\n\t\t\t\t<div class=\"elementor-column elementor-col-25 elementor-top-column elementor-element elementor-element-49faa30\" data-id=\"49faa30\" data-element_type=\"column\">\n\t\t\t<div class=\"elementor-widget-wrap\">\n\t\t\t\t\t\t\t\t\t<\/div>\n\t\t<\/div>\n\t\t\t\t\t\t\t<\/div>\n\t\t<\/section>\n\t\t\t\t<section class=\"elementor-section elementor-top-section elementor-element elementor-element-42e1441 elementor-section-boxed elementor-section-height-default elementor-section-height-default\" data-id=\"42e1441\" data-element_type=\"section\">\n\t\t\t\t\t\t<div class=\"elementor-container elementor-column-gap-default\">\n\t\t\t\t\t<div class=\"elementor-column elementor-col-100 elementor-top-column elementor-element elementor-element-4273a91\" data-id=\"4273a91\" data-element_type=\"column\">\n\t\t\t<div class=\"elementor-widget-wrap elementor-element-populated\">\n\t\t\t\t\t\t\t\t<div class=\"elementor-element elementor-element-c3e8bf8 elementor-widget elementor-widget-image\" data-id=\"c3e8bf8\" data-element_type=\"widget\" data-widget_type=\"image.default\">\n\t\t\t\t<div class=\"elementor-widget-container\">\n\t\t\t\t\t<div class=\"elementor-image\">\n\t\t\t\t\t\t\t\t\t\t<img loading=\"lazy\" decoding=\"async\" width=\"1024\" height=\"209\" src=\"https:\/\/bionimeusa.com\/wp-content\/uploads\/2020\/10\/image_2020_11_09T02_19_30_913Z-1024x209.png\" class=\"attachment-large size-large\" alt=\"GE Logo\" srcset=\"https:\/\/bionimeusa.com\/wp-content\/uploads\/2020\/10\/image_2020_11_09T02_19_30_913Z-1024x209.png 1024w, https:\/\/bionimeusa.com\/wp-content\/uploads\/2020\/10\/image_2020_11_09T02_19_30_913Z-300x61.png 300w, https:\/\/bionimeusa.com\/wp-content\/uploads\/2020\/10\/image_2020_11_09T02_19_30_913Z-768x156.png 768w, https:\/\/bionimeusa.com\/wp-content\/uploads\/2020\/10\/image_2020_11_09T02_19_30_913Z.png 1065w\" sizes=\"auto, (max-width: 1024px) 100vw, 1024px\" \/>\t\t\t\t\t\t\t\t\t\t\t<\/div>\n\t\t\t\t<\/div>\n\t\t\t\t<\/div>\n\t\t\t\t\t<\/div>\n\t\t<\/div>\n\t\t\t\t\t\t\t<\/div>\n\t\t<\/section>\n\t\t\t\t\t\t<\/div>\n\t\t\t\t\t<\/div>","protected":false},"excerpt":{"rendered":"<p>La mayor\u00eda de las personas se desaniman por la idea de pincharse los dedos con dolor. Por esa raz\u00f3n, dise\u00f1ar un dispositivo excelente que reduzca el dolor asociado con la punci\u00f3n fue uno de nuestros principales objetivos. Conozca el GE GD500.<\/p>","protected":false},"featured_media":5105,"template":"","meta":[],"class_list":["post-6255","product","type-product","status-publish","has-post-thumbnail","hentry","product_cat-ancillary-suppplies","product_cat-ge"],"yoast_head":"<!-- This site is optimized with the Yoast SEO plugin v15.9.1 - https:\/\/yoast.com\/wordpress\/plugins\/seo\/ -->\n<title>GE Lancing Device - Ancillary Supplies - BIONIMEUSA.COM<\/title>\n<meta name=\"description\" content=\"The GE Healthcare Lancing Device from helps make pricking fingers easier. Quality diabetes management technology made in Taiwan.\" \/>\n<link rel=\"canonical\" href=\"https:\/\/bionimeusa.com\/es\/producto\/ge-lancing-device\/\" \/>\n<meta property=\"og:locale\" content=\"es_ES\" \/>\n<meta property=\"og:type\" content=\"article\" \/>\n<meta property=\"og:title\" content=\"GE Lancing Device - Ancillary Supplies - BIONIMEUSA.COM\" \/>\n<meta property=\"og:description\" content=\"The GE Healthcare Lancing Device from helps make pricking fingers easier. Quality diabetes management technology made in Taiwan.\" \/>\n<meta property=\"og:url\" content=\"https:\/\/bionimeusa.com\/es\/producto\/ge-lancing-device\/\" \/>\n<meta property=\"og:site_name\" content=\"BIONIMEUSA.COM\" \/>\n<meta property=\"article:modified_time\" content=\"2021-03-12T09:11:23+00:00\" \/>\n<meta property=\"og:image\" content=\"https:\/\/bionimeusa.com\/wp-content\/uploads\/2020\/12\/01_GD500_GE.jpg\" \/>\n\t<meta property=\"og:image:width\" content=\"1502\" \/>\n\t<meta property=\"og:image:height\" content=\"1802\" \/>\n<meta name=\"twitter:card\" content=\"summary_large_image\" \/>\n<script type=\"application\/ld+json\" class=\"yoast-schema-graph\">{\"@context\":\"https:\/\/schema.org\",\"@graph\":[{\"@type\":\"WebSite\",\"@id\":\"https:\/\/bionimeusa.com\/#website\",\"url\":\"https:\/\/bionimeusa.com\/\",\"name\":\"BIONIMEUSA.COM\",\"description\":\"Bionime USA is part of Bionime, a manufacturer of innovative diabetes management technologies specializing in blood glucose meters and premium strip technology\",\"potentialAction\":[{\"@type\":\"SearchAction\",\"target\":\"https:\/\/bionimeusa.com\/?s={search_term_string}\",\"query-input\":\"required name=search_term_string\"}],\"inLanguage\":\"es\"},{\"@type\":\"ImageObject\",\"@id\":\"https:\/\/bionimeusa.com\/es\/producto\/ge-lancing-device\/#primaryimage\",\"inLanguage\":\"es\",\"url\":\"https:\/\/bionimeusa.com\/wp-content\/uploads\/2020\/12\/01_GD500_GE.jpg\",\"width\":1502,\"height\":1802,\"caption\":\"GD500 GE\"},{\"@type\":\"WebPage\",\"@id\":\"https:\/\/bionimeusa.com\/es\/producto\/ge-lancing-device\/#webpage\",\"url\":\"https:\/\/bionimeusa.com\/es\/producto\/ge-lancing-device\/\",\"name\":\"GE Lancing Device - Ancillary Supplies - BIONIMEUSA.COM\",\"isPartOf\":{\"@id\":\"https:\/\/bionimeusa.com\/#website\"},\"primaryImageOfPage\":{\"@id\":\"https:\/\/bionimeusa.com\/es\/producto\/ge-lancing-device\/#primaryimage\"},\"datePublished\":\"2021-03-10T08:11:27+00:00\",\"dateModified\":\"2021-03-12T09:11:23+00:00\",\"description\":\"The GE Healthcare Lancing Device from helps make pricking fingers easier. Quality diabetes management technology made in Taiwan.\",\"breadcrumb\":{\"@id\":\"https:\/\/bionimeusa.com\/es\/producto\/ge-lancing-device\/#breadcrumb\"},\"inLanguage\":\"es\",\"potentialAction\":[{\"@type\":\"ReadAction\",\"target\":[\"https:\/\/bionimeusa.com\/es\/producto\/ge-lancing-device\/\"]}]},{\"@type\":\"BreadcrumbList\",\"@id\":\"https:\/\/bionimeusa.com\/es\/producto\/ge-lancing-device\/#breadcrumb\",\"itemListElement\":[{\"@type\":\"ListItem\",\"position\":1,\"item\":{\"@type\":\"WebPage\",\"@id\":\"https:\/\/bionimeusa.com\/\",\"url\":\"https:\/\/bionimeusa.com\/\",\"name\":\"Home\"}},{\"@type\":\"ListItem\",\"position\":2,\"item\":{\"@type\":\"WebPage\",\"@id\":\"\",\"url\":\"\",\"name\":\"\"}},{\"@type\":\"ListItem\",\"position\":3,\"item\":{\"@type\":\"WebPage\",\"@id\":\"https:\/\/bionimeusa.com\/es\/producto\/ge-lancing-device\/\",\"url\":\"https:\/\/bionimeusa.com\/es\/producto\/ge-lancing-device\/\",\"name\":\"GE Lancing Device\"}}]}]}<\/script>\n<!-- \/ Yoast SEO plugin. -->","_links":{"self":[{"href":"https:\/\/bionimeusa.com\/es\/wp-json\/wp\/v2\/product\/6255","targetHints":{"allow":["GET"]}}],"collection":[{"href":"https:\/\/bionimeusa.com\/es\/wp-json\/wp\/v2\/product"}],"about":[{"href":"https:\/\/bionimeusa.com\/es\/wp-json\/wp\/v2\/types\/product"}],"version-history":[{"count":6,"href":"https:\/\/bionimeusa.com\/es\/wp-json\/wp\/v2\/product\/6255\/revisions"}],"predecessor-version":[{"id":6261,"href":"https:\/\/bionimeusa.com\/es\/wp-json\/wp\/v2\/product\/6255\/revisions\/6261"}],"wp:featuredmedia":[{"embeddable":true,"href":"https:\/\/bionimeusa.com\/es\/wp-json\/wp\/v2\/media\/5105"}],"wp:attachment":[{"href":"https:\/\/bionimeusa.com\/es\/wp-json\/wp\/v2\/media?parent=6255"}],"curies":[{"name":"wp","href":"https:\/\/api.w.org\/{rel}","templated":true}]}}