{"id":6278,"date":"2021-03-10T08:47:22","date_gmt":"2021-03-10T08:47:22","guid":{"rendered":"https:\/\/bionimeusa.com\/?post_type=product&#038;p=6278"},"modified":"2021-03-12T09:09:58","modified_gmt":"2021-03-12T09:09:58","slug":"gm550","status":"publish","type":"product","link":"https:\/\/bionimeusa.com\/es\/producto\/gm550\/","title":{"rendered":"GM550"},"content":{"rendered":"<div data-elementor-type=\"wp-post\" data-elementor-id=\"6278\" class=\"elementor elementor-6278\" data-elementor-settings=\"[]\">\n\t\t\t\t\t\t\t<div class=\"elementor-section-wrap\">\n\t\t\t\t\t\t\t<section class=\"elementor-section elementor-top-section elementor-element elementor-element-ecbbb53 elementor-section-boxed elementor-section-height-default elementor-section-height-default\" data-id=\"ecbbb53\" data-element_type=\"section\">\n\t\t\t\t\t\t<div class=\"elementor-container elementor-column-gap-default\">\n\t\t\t\t\t<div class=\"elementor-column elementor-col-100 elementor-top-column elementor-element elementor-element-142c311\" data-id=\"142c311\" data-element_type=\"column\">\n\t\t\t<div class=\"elementor-widget-wrap elementor-element-populated\">\n\t\t\t\t\t\t\t\t<div class=\"elementor-element elementor-element-301dffc elementor-widget elementor-widget-heading\" data-id=\"301dffc\" data-element_type=\"widget\" data-widget_type=\"heading.default\">\n\t\t\t\t<div class=\"elementor-widget-container\">\n\t\t\t<h2 class=\"elementor-heading-title elementor-size-default\">Especificaciones<\/h2>\t\t<\/div>\n\t\t\t\t<\/div>\n\t\t\t\t<div class=\"elementor-element elementor-element-904f8ac elementor-widget elementor-widget-text-editor\" data-id=\"904f8ac\" data-element_type=\"widget\" data-widget_type=\"text-editor.default\">\n\t\t\t\t<div class=\"elementor-widget-container\">\n\t\t\t\t\t<div class=\"elementor-text-editor elementor-clearfix\"><div class=\"table-container\">\n<table class=\"pro-spe-table wow fadeIn\" data-wow-duration=\"0.8s\" data-wow-delay=\"0.4s\">\n<tbody>\n<tr>\n<th>Tira de prueba<\/th>\n<td>GS550<\/td>\n<\/tr>\n<tr>\n<th>Codificaci\u00f3n<\/th>\n<td>Codificaci\u00f3n autom\u00e1tica<\/td>\n<\/tr>\n<tr>\n<th>Tecnolog\u00eda de medici\u00f3n \/ enzimas<\/th>\n<td>GOD \/ sensor electroqu\u00edmico<\/td>\n<\/tr>\n<tr>\n<th>Fuente de muestra de sangre<\/th>\n<td>Capillary whole blood<\/td>\n<\/tr>\n<tr>\n<th>Volumen m\u00ednimo de muestra<\/th>\n<td>0.75 \u00b5L<\/td>\n<\/tr>\n<tr>\n<th>Gama HCT<\/th>\n<td>30 &#8211; 57%<\/td>\n<\/tr>\n<tr>\n<th>Rango de medici\u00f3n<\/th>\n<td>0.6 &#8211; 33.3 mmol\/L (10 &#8211; 600 mg\/dL)<\/td>\n<\/tr>\n<tr>\n<th>Dimensiones del medidor (L x W x H)<\/th>\n<td>90.6 x 46.0 x 16.5 mm (3.56 x 1.81 x 0.64 inch)<\/td>\n<\/tr>\n<tr>\n<th>\u00c1rea de visualizaci\u00f3n (L x W)<\/th>\n<td>46.6 x 33 mm (1.83 x 1.32 inch)<\/td>\n<\/tr>\n<tr>\n<th>Peso (con bater\u00eda)<\/th>\n<td>53.0 \u00b1 5 g<\/td>\n<\/tr>\n<tr>\n<th>Fuente de alimentaci\u00f3n<\/th>\n<td>2 \u00d7 CR2032 batteries<\/td>\n<\/tr>\n<tr>\n<th>Capacidad de memoria<\/th>\n<td>500 resultados de pruebas con fecha y hora<\/td>\n<\/tr>\n<tr>\n<th>Temperatura de funcionamiento<\/th>\n<td>10 &#8211; 40\u00b0C (50 &#8211; 104\u00b0F)<\/td>\n<\/tr>\n<tr>\n<th>Humedad relativa de funcionamiento<\/th>\n<td>10 &#8211; 90%<\/td>\n<\/tr>\n<tr>\n<th>Condiciones de almacenamiento del medidor<\/th>\n<td>-10 &#8211; 60\u00b0C (14 &#8211; 140\u00b0F)<\/td>\n<\/tr>\n<tr>\n<th>Condiciones de almacenamiento de las tiras reactivas<\/th>\n<td>A 4 - 30 \u00b0 C (39 - 86 \u00b0 F) y por debajo del 90% de humedad relativa<\/td>\n<\/tr>\n<tr>\n<th>Precisi\u00f3n<\/th>\n<td colspan=\"2\">Para concentraciones de glucosa &lt;5,5 mmol \/ L (100 mg \/ dL),\n95% de los valores de glucosa medidos dentro de \u00b1 0,83 mmol \/ L (15 mg \/ dL) de las mediciones de referencia.\nPara concentraciones de glucosa \u2265 5,5 mmol \/ L (100 mg \/ dL),\n95% de los valores de glucosa medidos dentro de \u00b1 15% de las mediciones de referencia.<\/td>\n<\/tr>\n<tr>\n<th>Precisi\u00f3n<\/th>\n<td colspan=\"2\">Para concentraciones de glucosa &lt;5,5 mmol \/ L (100 mg \/ dL), SD &lt;0,28 mmol \/ L (5 mg \/ dL)\nPara concentraciones de glucosa \u2265 5,5 mmol \/ L (100 mg \/ dL), CV &lt;5%<\/td>\n<\/tr>\n<\/tbody>\n<\/table>\n<\/div>\nTotalmente compatible con ISO 15197: 2013. (Para otras credenciales recibidas, cont\u00e1ctenos).<\/div>\n\t\t\t\t<\/div>\n\t\t\t\t<\/div>\n\t\t\t\t\t<\/div>\n\t\t<\/div>\n\t\t\t\t\t\t\t<\/div>\n\t\t<\/section>\n\t\t\t\t<section class=\"elementor-section elementor-top-section elementor-element elementor-element-8b9d5e5 elementor-section-boxed elementor-section-height-default elementor-section-height-default\" data-id=\"8b9d5e5\" data-element_type=\"section\">\n\t\t\t\t\t\t<div class=\"elementor-container elementor-column-gap-default\">\n\t\t\t\t\t<div class=\"elementor-column elementor-col-100 elementor-top-column elementor-element elementor-element-4ac1de2\" data-id=\"4ac1de2\" data-element_type=\"column\">\n\t\t\t<div class=\"elementor-widget-wrap elementor-element-populated\">\n\t\t\t\t\t\t\t\t<div class=\"elementor-element elementor-element-b5ee48e elementor-widget elementor-widget-heading\" data-id=\"b5ee48e\" data-element_type=\"widget\" data-widget_type=\"heading.default\">\n\t\t\t\t<div class=\"elementor-widget-container\">\n\t\t\t<h2 class=\"elementor-heading-title elementor-size-default\">Tutorial en video<\/h2>\t\t<\/div>\n\t\t\t\t<\/div>\n\t\t\t\t<div class=\"elementor-element elementor-element-f642361 elementor-aspect-ratio-169 elementor-widget elementor-widget-video\" data-id=\"f642361\" data-element_type=\"widget\" data-settings=\"{&quot;youtube_url&quot;:&quot;https:\\\/\\\/www.youtube.com\\\/watch?v=iGpGSfEeyoY&amp;feature=emb_logo&amp;ab_channel=Rightest%E7%91%9E%E7%89%B9&quot;,&quot;video_type&quot;:&quot;youtube&quot;,&quot;controls&quot;:&quot;yes&quot;,&quot;aspect_ratio&quot;:&quot;169&quot;}\" data-widget_type=\"video.default\">\n\t\t\t\t<div class=\"elementor-widget-container\">\n\t\t\t\t\t<div class=\"elementor-wrapper elementor-fit-aspect-ratio elementor-open-inline\">\n\t\t\t<div class=\"elementor-video\"><\/div>\t\t<\/div>\n\t\t\t\t<\/div>\n\t\t\t\t<\/div>\n\t\t\t\t\t<\/div>\n\t\t<\/div>\n\t\t\t\t\t\t\t<\/div>\n\t\t<\/section>\n\t\t\t\t\t\t<\/div>\n\t\t\t\t\t<\/div>","protected":false},"excerpt":{"rendered":"<p>El GM550 cuenta con tecnolog\u00eda patentada de codificaci\u00f3n autom\u00e1tica, una pantalla retroiluminada para leer en la oscuridad y otras funciones avanzadas. Este modelo de gama media proporciona a los usuarios resultados precisos y una experiencia sin complicaciones para un control \u00f3ptimo de la diabetes.<\/p>\n<p>Caracter\u00edsticas:<\/p>\n<ul>\n<li>Resultados r\u00e1pidos<\/li>\n<li>Dise\u00f1o de tira<\/li>\n<li>Pantalla retroiluminada<\/li>\n<li>Codificaci\u00f3n autom\u00e1tica<\/li>\n<li>Conexi\u00f3n a PC<\/li>\n<\/ul>\n<table style=\"border: none;\">\n<tbody>\n<tr>\n<td style=\"border: none;\"><img loading=\"lazy\" decoding=\"async\" class=\"alignnone size-full wp-image-4284\" src=\"https:\/\/bionimeusa.com\/wp-content\/uploads\/2020\/10\/fda.jpg\" alt=\"\" width=\"103\" height=\"117\" \/><\/td>\n<td style=\"border: none;\"><img loading=\"lazy\" decoding=\"async\" class=\"alignnone size-full wp-image-4287\" src=\"https:\/\/bionimeusa.com\/wp-content\/uploads\/2020\/10\/\u56fe\u50cf-15.jpg\" alt=\"\" width=\"248\" height=\"117\" \/><\/td>\n<td style=\"border: none;\"><img loading=\"lazy\" decoding=\"async\" class=\"alignnone size-full wp-image-4283\" src=\"https:\/\/bionimeusa.com\/wp-content\/uploads\/2020\/10\/\u56fe\u50cf-16.jpg\" alt=\"\" width=\"112\" height=\"117\" \/><\/td>\n<td style=\"border: none;\"><img loading=\"lazy\" decoding=\"async\" class=\"alignnone size-full wp-image-4285\" src=\"https:\/\/bionimeusa.com\/wp-content\/uploads\/2020\/10\/\u56fe\u50cf-17.jpg\" alt=\"\" width=\"136\" height=\"117\" \/><\/td>\n<td style=\"border: none;\"><img loading=\"lazy\" decoding=\"async\" class=\"alignnone size-full wp-image-4286\" src=\"https:\/\/bionimeusa.com\/wp-content\/uploads\/2020\/10\/\u56fe\u50cf-18.jpg\" alt=\"\" width=\"103\" height=\"117\" \/><\/td>\n<\/tr>\n<\/tbody>\n<\/table>","protected":false},"featured_media":5928,"template":"","meta":[],"class_list":["post-6278","product","type-product","status-publish","has-post-thumbnail","hentry","product_cat-blood-glucose-meter","product_cat-rightest"],"yoast_head":"<!-- This site is optimized with the Yoast SEO plugin v15.9.1 - https:\/\/yoast.com\/wordpress\/plugins\/seo\/ -->\n<title>GM550 Blood Glucose Meter - BIONIMEUSA.COM<\/title>\n<meta name=\"description\" content=\"The GM550 Blood Glucose Monitoring System from Bionime USA. Quality diabetes management technology made in Taiwan.\" \/>\n<link rel=\"canonical\" href=\"https:\/\/bionimeusa.com\/es\/producto\/gm550\/\" \/>\n<meta property=\"og:locale\" content=\"es_ES\" \/>\n<meta property=\"og:type\" content=\"article\" \/>\n<meta property=\"og:title\" content=\"GM550 Blood Glucose Meter - BIONIMEUSA.COM\" \/>\n<meta property=\"og:description\" content=\"The GM550 Blood Glucose Monitoring System from Bionime USA. Quality diabetes management technology made in Taiwan.\" \/>\n<meta property=\"og:url\" content=\"https:\/\/bionimeusa.com\/es\/producto\/gm550\/\" \/>\n<meta property=\"og:site_name\" content=\"BIONIMEUSA.COM\" \/>\n<meta property=\"article:modified_time\" content=\"2021-03-12T09:09:58+00:00\" \/>\n<meta property=\"og:image\" content=\"https:\/\/bionimeusa.com\/wp-content\/uploads\/2020\/10\/GM550-Meterstrip_mg-3.png\" \/>\n\t<meta property=\"og:image:width\" content=\"1400\" \/>\n\t<meta property=\"og:image:height\" content=\"2019\" \/>\n<meta name=\"twitter:card\" content=\"summary_large_image\" \/>\n<meta name=\"twitter:label1\" content=\"Tiempo de lectura\">\n\t<meta name=\"twitter:data1\" content=\"1 minuto\">\n<script type=\"application\/ld+json\" class=\"yoast-schema-graph\">{\"@context\":\"https:\/\/schema.org\",\"@graph\":[{\"@type\":\"WebSite\",\"@id\":\"https:\/\/bionimeusa.com\/#website\",\"url\":\"https:\/\/bionimeusa.com\/\",\"name\":\"BIONIMEUSA.COM\",\"description\":\"Bionime USA is part of Bionime, a manufacturer of innovative diabetes management technologies specializing in blood glucose meters and premium strip technology\",\"potentialAction\":[{\"@type\":\"SearchAction\",\"target\":\"https:\/\/bionimeusa.com\/?s={search_term_string}\",\"query-input\":\"required name=search_term_string\"}],\"inLanguage\":\"es\"},{\"@type\":\"ImageObject\",\"@id\":\"https:\/\/bionimeusa.com\/product\/gm550\/#primaryimage\",\"inLanguage\":\"es\",\"url\":\"https:\/\/bionimeusa.com\/wp-content\/uploads\/2020\/10\/GM550-Meterstrip_mg-3.png\",\"width\":1400,\"height\":2019,\"caption\":\"GM550 Blood Glucose Meter\"},{\"@type\":\"WebPage\",\"@id\":\"https:\/\/bionimeusa.com\/product\/gm550\/#webpage\",\"url\":\"https:\/\/bionimeusa.com\/product\/gm550\/\",\"name\":\"GM550 Blood Glucose Meter - BIONIMEUSA.COM\",\"isPartOf\":{\"@id\":\"https:\/\/bionimeusa.com\/#website\"},\"primaryImageOfPage\":{\"@id\":\"https:\/\/bionimeusa.com\/product\/gm550\/#primaryimage\"},\"datePublished\":\"2021-03-10T08:47:22+00:00\",\"dateModified\":\"2021-03-12T09:09:58+00:00\",\"description\":\"The GM550 Blood Glucose Monitoring System from Bionime USA. Quality diabetes management technology made in Taiwan.\",\"breadcrumb\":{\"@id\":\"https:\/\/bionimeusa.com\/product\/gm550\/#breadcrumb\"},\"inLanguage\":\"es\",\"potentialAction\":[{\"@type\":\"ReadAction\",\"target\":[\"https:\/\/bionimeusa.com\/product\/gm550\/\"]}]},{\"@type\":\"BreadcrumbList\",\"@id\":\"https:\/\/bionimeusa.com\/product\/gm550\/#breadcrumb\",\"itemListElement\":[{\"@type\":\"ListItem\",\"position\":1,\"item\":{\"@type\":\"WebPage\",\"@id\":\"https:\/\/bionimeusa.com\/\",\"url\":\"https:\/\/bionimeusa.com\/\",\"name\":\"Home\"}},{\"@type\":\"ListItem\",\"position\":2,\"item\":{\"@type\":\"WebPage\",\"@id\":\"\",\"url\":\"\",\"name\":\"\"}},{\"@type\":\"ListItem\",\"position\":3,\"item\":{\"@type\":\"WebPage\",\"@id\":\"https:\/\/bionimeusa.com\/product\/gm550\/\",\"url\":\"https:\/\/bionimeusa.com\/product\/gm550\/\",\"name\":\"GM550\"}}]}]}<\/script>\n<!-- \/ Yoast SEO plugin. -->","_links":{"self":[{"href":"https:\/\/bionimeusa.com\/es\/wp-json\/wp\/v2\/product\/6278","targetHints":{"allow":["GET"]}}],"collection":[{"href":"https:\/\/bionimeusa.com\/es\/wp-json\/wp\/v2\/product"}],"about":[{"href":"https:\/\/bionimeusa.com\/es\/wp-json\/wp\/v2\/types\/product"}],"version-history":[{"count":5,"href":"https:\/\/bionimeusa.com\/es\/wp-json\/wp\/v2\/product\/6278\/revisions"}],"predecessor-version":[{"id":6424,"href":"https:\/\/bionimeusa.com\/es\/wp-json\/wp\/v2\/product\/6278\/revisions\/6424"}],"wp:featuredmedia":[{"embeddable":true,"href":"https:\/\/bionimeusa.com\/es\/wp-json\/wp\/v2\/media\/5928"}],"wp:attachment":[{"href":"https:\/\/bionimeusa.com\/es\/wp-json\/wp\/v2\/media?parent=6278"}],"curies":[{"name":"wp","href":"https:\/\/api.w.org\/{rel}","templated":true}]}}