{"id":6289,"date":"2021-03-10T09:11:46","date_gmt":"2021-03-10T09:11:46","guid":{"rendered":"https:\/\/bionimeusa.com\/?post_type=product&#038;p=6289"},"modified":"2021-03-12T09:09:37","modified_gmt":"2021-03-12T09:09:37","slug":"gm280-gm280b","status":"publish","type":"product","link":"https:\/\/bionimeusa.com\/es\/producto\/gm280-gm280b\/","title":{"rendered":"GM280 \/ GM280B"},"content":{"rendered":"<div data-elementor-type=\"wp-post\" data-elementor-id=\"6289\" class=\"elementor elementor-6289\" data-elementor-settings=\"[]\">\n\t\t\t\t\t\t\t<div class=\"elementor-section-wrap\">\n\t\t\t\t\t\t\t<section class=\"elementor-section elementor-top-section elementor-element elementor-element-ecbbb53 elementor-section-boxed elementor-section-height-default elementor-section-height-default\" data-id=\"ecbbb53\" data-element_type=\"section\">\n\t\t\t\t\t\t<div class=\"elementor-container elementor-column-gap-default\">\n\t\t\t\t\t<div class=\"elementor-column elementor-col-100 elementor-top-column elementor-element elementor-element-142c311\" data-id=\"142c311\" data-element_type=\"column\">\n\t\t\t<div class=\"elementor-widget-wrap elementor-element-populated\">\n\t\t\t\t\t\t\t\t<div class=\"elementor-element elementor-element-301dffc elementor-widget elementor-widget-heading\" data-id=\"301dffc\" data-element_type=\"widget\" data-widget_type=\"heading.default\">\n\t\t\t\t<div class=\"elementor-widget-container\">\n\t\t\t<h2 class=\"elementor-heading-title elementor-size-default\">Especificaciones<\/h2>\t\t<\/div>\n\t\t\t\t<\/div>\n\t\t\t\t<div class=\"elementor-element elementor-element-904f8ac elementor-widget elementor-widget-text-editor\" data-id=\"904f8ac\" data-element_type=\"widget\" data-widget_type=\"text-editor.default\">\n\t\t\t\t<div class=\"elementor-widget-container\">\n\t\t\t\t\t<div class=\"elementor-text-editor elementor-clearfix\"><div class=\"table-container\">\n<table class=\"pro-spe-table wow fadeIn\" data-wow-duration=\"0.8s\" data-wow-delay=\"0.4s\">\n<tbody>\n<tr>\n<th>Tira de prueba<\/th>\n<td>GS280<\/td>\n<\/tr>\n<tr>\n<th>Codificaci\u00f3n<\/th>\n<td>Codificaci\u00f3n autom\u00e1tica<\/td>\n<\/tr>\n<tr>\n<th>Tecnolog\u00eda de medici\u00f3n \/ enzimas<\/th>\n<td>GOD \/ sensor electroqu\u00edmico<\/td>\n<\/tr>\n<tr>\n<th>Fuente de muestra de sangre<\/th>\n<td>Capillary whole blood<\/td>\n<\/tr>\n<tr>\n<th>Volumen m\u00ednimo de muestra<\/th>\n<td>0.75 \u00b5L<\/td>\n<\/tr>\n<tr>\n<th>Gama HCT<\/th>\n<td>30 &#8211; 57%<\/td>\n<\/tr>\n<tr>\n<th>Rango de medici\u00f3n<\/th>\n<td>0.6 &#8211; 33.3 mmol\/L (10 &#8211; 600 mg\/dL)<\/td>\n<\/tr>\n<tr>\n<th>Dimensiones del medidor (L x W x H)<\/th>\n<td>82.0 x 45.0 x 15.5 mm (3.23 x 1.77 x 0.61 inch)<\/td>\n<\/tr>\n<tr>\n<th>\u00c1rea de visualizaci\u00f3n (L x W)<\/th>\n<td>34.0 x 27.5 mm (1.09 x 1.34 inch)<\/td>\n<\/tr>\n<tr>\n<th>Peso (con bater\u00eda)<\/th>\n<td>43.0 \u00b1 5 g<\/td>\n<\/tr>\n<tr>\n<th>Fuente de alimentaci\u00f3n<\/th>\n<td>1 \u00d7 bater\u00eda CR2032<\/td>\n<\/tr>\n<tr>\n<th>Capacidad de memoria<\/th>\n<td>500 resultados de pruebas con fecha y hora<\/td>\n<\/tr>\n<tr>\n<th>Temperatura de funcionamiento<\/th>\n<td>10 &#8211; 40\u00b0C (50 &#8211; 104\u00b0F)<\/td>\n<\/tr>\n<tr>\n<th>Humedad relativa de funcionamiento<\/th>\n<td>10 &#8211; 90%<\/td>\n<\/tr>\n<tr>\n<th>Condiciones de almacenamiento del medidor<\/th>\n<td>-10 &#8211; 60\u00b0C (14 &#8211; 140\u00b0F)<\/td>\n<\/tr>\n<tr>\n<th>Condiciones de almacenamiento de las tiras reactivas<\/th>\n<td>A 4 - 30 \u00b0 C (39 - 86 \u00b0 F) y por debajo del 90% de humedad relativa<\/td>\n<\/tr>\n<tr>\n<th>Bluetooth version (For GM280B)<\/th>\n<td>4.0<\/td>\n<\/tr>\n<tr>\n<th>Precisi\u00f3n<\/th>\n<td colspan=\"2\">Para concentraciones de glucosa &lt;5,5 mmol \/ L (100 mg \/ dL),\n95% de los valores de glucosa medidos dentro de \u00b1 0,83 mmol \/ L (15 mg \/ dL) de las mediciones de referencia.\nPara concentraciones de glucosa \u2265 5,5 mmol \/ L (100 mg \/ dL),\n95% de los valores de glucosa medidos dentro de \u00b1 15% de las mediciones de referencia.<\/td>\n<\/tr>\n<tr>\n<th>Precisi\u00f3n<\/th>\n<td colspan=\"2\">Para concentraciones de glucosa &lt;5,5 mmol \/ L (100 mg \/ dL), SD &lt;0,28 mmol \/ L (5 mg \/ dL)\nPara concentraciones de glucosa \u2265 5,5 mmol \/ L (100 mg \/ dL), CV &lt;5%<\/td>\n<\/tr>\n<\/tbody>\n<\/table>\n<\/div>\nTotalmente compatible con ISO 15197: 2013. (Para otras credenciales recibidas, cont\u00e1ctenos).<\/div>\n\t\t\t\t<\/div>\n\t\t\t\t<\/div>\n\t\t\t\t\t<\/div>\n\t\t<\/div>\n\t\t\t\t\t\t\t<\/div>\n\t\t<\/section>\n\t\t\t\t\t\t<\/div>\n\t\t\t\t\t<\/div>","protected":false},"excerpt":{"rendered":"<p>El GM280 y GM280B son modelos simples que satisfacen todas sus necesidades. Un agarre c\u00f3modo y la codificaci\u00f3n autom\u00e1tica mantienen las cosas sencillas mientras lo ayudan a mantenerse concentrado en lo que cuenta: una excelente gesti\u00f3n de la glucosa.<\/p>\n<p>Caracter\u00edsticas:<\/p>\n<ul>\n<li>Dise\u00f1o de inserci\u00f3n lateral<\/li>\n<li>Tiras patentadas<\/li>\n<li>Compatibilidad con varios sitios de prueba<\/li>\n<li>Codificaci\u00f3n autom\u00e1tica<\/li>\n<\/ul>\n<p>Precisi\u00f3n confiable\u00a0<a href=\"https:\/\/bionimeusa.com\/es\/rightest-care-app\/\">Rightest Care Aplicaci\u00f3n<\/a> con el GM280B habilitado para Bluetooth:<\/p>\n<ul>\n<li>Manejo completo del az\u00facar en sangre<\/li>\n<li>Personalizaci\u00f3n<\/li>\n<li>Panel de estad\u00edsticas intuitivo<\/li>\n<\/ul>\n<table style=\"border: none;\">\n<tbody>\n<tr>\n<td style=\"border: none;\"><img loading=\"lazy\" decoding=\"async\" class=\"alignnone size-full wp-image-4284\" src=\"https:\/\/bionimeusa.com\/wp-content\/uploads\/2020\/10\/fda.jpg\" alt=\"\" width=\"103\" height=\"117\" \/><\/td>\n<td style=\"border: none;\"><img loading=\"lazy\" decoding=\"async\" class=\"alignnone size-full wp-image-4287\" src=\"https:\/\/bionimeusa.com\/wp-content\/uploads\/2020\/10\/\u56fe\u50cf-15.jpg\" alt=\"\" width=\"248\" height=\"117\" \/><\/td>\n<td style=\"border: none;\"><img loading=\"lazy\" decoding=\"async\" class=\"alignnone size-full wp-image-4283\" src=\"https:\/\/bionimeusa.com\/wp-content\/uploads\/2020\/10\/\u56fe\u50cf-16.jpg\" alt=\"\" width=\"112\" height=\"117\" \/><\/td>\n<td style=\"border: none;\"><img loading=\"lazy\" decoding=\"async\" class=\"alignnone size-full wp-image-4285\" src=\"https:\/\/bionimeusa.com\/wp-content\/uploads\/2020\/10\/\u56fe\u50cf-17.jpg\" alt=\"\" width=\"136\" height=\"117\" \/><\/td>\n<td style=\"border: none;\"><img loading=\"lazy\" decoding=\"async\" class=\"alignnone size-full wp-image-4286\" src=\"https:\/\/bionimeusa.com\/wp-content\/uploads\/2020\/10\/\u56fe\u50cf-18.jpg\" alt=\"\" width=\"103\" height=\"117\" \/><\/td>\n<\/tr>\n<\/tbody>\n<\/table>","protected":false},"featured_media":5931,"template":"","meta":[],"class_list":["post-6289","product","type-product","status-publish","has-post-thumbnail","hentry","product_cat-blood-glucose-meter","product_cat-rightest"],"yoast_head":"<!-- This site is optimized with the Yoast SEO plugin v15.9.1 - https:\/\/yoast.com\/wordpress\/plugins\/seo\/ -->\n<title>GM280 \/ GM280B Blood Glucose Meter - BIONIMEUSA.COM<\/title>\n<meta name=\"description\" content=\"The GM280 Bluetooth-enabled Blood Glucose Meter from Bionime USA. Quality diabetes management technology made in Taiwan.\" \/>\n<link rel=\"canonical\" href=\"https:\/\/bionimeusa.com\/es\/producto\/gm280-gm280b\/\" \/>\n<meta property=\"og:locale\" content=\"es_ES\" \/>\n<meta property=\"og:type\" content=\"article\" \/>\n<meta property=\"og:title\" content=\"GM280 \/ GM280B Blood Glucose Meter - BIONIMEUSA.COM\" \/>\n<meta property=\"og:description\" content=\"The GM280 Bluetooth-enabled Blood Glucose Meter from Bionime USA. Quality diabetes management technology made in Taiwan.\" \/>\n<meta property=\"og:url\" content=\"https:\/\/bionimeusa.com\/es\/producto\/gm280-gm280b\/\" \/>\n<meta property=\"og:site_name\" content=\"BIONIMEUSA.COM\" \/>\n<meta property=\"article:modified_time\" content=\"2021-03-12T09:09:37+00:00\" \/>\n<meta property=\"og:image\" content=\"https:\/\/bionimeusa.com\/wp-content\/uploads\/2020\/12\/RIGHTEST-GM280B-Meter_105strip.png\" \/>\n\t<meta property=\"og:image:width\" content=\"1185\" \/>\n\t<meta property=\"og:image:height\" content=\"1687\" \/>\n<meta name=\"twitter:card\" content=\"summary_large_image\" \/>\n<meta name=\"twitter:label1\" content=\"Tiempo de lectura\">\n\t<meta name=\"twitter:data1\" content=\"1 minuto\">\n<script type=\"application\/ld+json\" class=\"yoast-schema-graph\">{\"@context\":\"https:\/\/schema.org\",\"@graph\":[{\"@type\":\"WebSite\",\"@id\":\"https:\/\/bionimeusa.com\/#website\",\"url\":\"https:\/\/bionimeusa.com\/\",\"name\":\"BIONIMEUSA.COM\",\"description\":\"Bionime USA is part of Bionime, a manufacturer of innovative diabetes management technologies specializing in blood glucose meters and premium strip technology\",\"potentialAction\":[{\"@type\":\"SearchAction\",\"target\":\"https:\/\/bionimeusa.com\/?s={search_term_string}\",\"query-input\":\"required name=search_term_string\"}],\"inLanguage\":\"es\"},{\"@type\":\"ImageObject\",\"@id\":\"https:\/\/bionimeusa.com\/product\/gm280-gm280b\/#primaryimage\",\"inLanguage\":\"es\",\"url\":\"https:\/\/bionimeusa.com\/wp-content\/uploads\/2020\/12\/RIGHTEST-GM280B-Meter_105strip.png\",\"width\":1185,\"height\":1687,\"caption\":\"GM280 Blood Glucose Meter\"},{\"@type\":\"WebPage\",\"@id\":\"https:\/\/bionimeusa.com\/product\/gm280-gm280b\/#webpage\",\"url\":\"https:\/\/bionimeusa.com\/product\/gm280-gm280b\/\",\"name\":\"GM280 \/ GM280B Blood Glucose Meter - BIONIMEUSA.COM\",\"isPartOf\":{\"@id\":\"https:\/\/bionimeusa.com\/#website\"},\"primaryImageOfPage\":{\"@id\":\"https:\/\/bionimeusa.com\/product\/gm280-gm280b\/#primaryimage\"},\"datePublished\":\"2021-03-10T09:11:46+00:00\",\"dateModified\":\"2021-03-12T09:09:37+00:00\",\"description\":\"The GM280 Bluetooth-enabled Blood Glucose Meter from Bionime USA. Quality diabetes management technology made in Taiwan.\",\"breadcrumb\":{\"@id\":\"https:\/\/bionimeusa.com\/product\/gm280-gm280b\/#breadcrumb\"},\"inLanguage\":\"es\",\"potentialAction\":[{\"@type\":\"ReadAction\",\"target\":[\"https:\/\/bionimeusa.com\/product\/gm280-gm280b\/\"]}]},{\"@type\":\"BreadcrumbList\",\"@id\":\"https:\/\/bionimeusa.com\/product\/gm280-gm280b\/#breadcrumb\",\"itemListElement\":[{\"@type\":\"ListItem\",\"position\":1,\"item\":{\"@type\":\"WebPage\",\"@id\":\"https:\/\/bionimeusa.com\/\",\"url\":\"https:\/\/bionimeusa.com\/\",\"name\":\"Home\"}},{\"@type\":\"ListItem\",\"position\":2,\"item\":{\"@type\":\"WebPage\",\"@id\":\"\",\"url\":\"\",\"name\":\"\"}},{\"@type\":\"ListItem\",\"position\":3,\"item\":{\"@type\":\"WebPage\",\"@id\":\"https:\/\/bionimeusa.com\/product\/gm280-gm280b\/\",\"url\":\"https:\/\/bionimeusa.com\/product\/gm280-gm280b\/\",\"name\":\"GM280 \/ GM280B\"}}]}]}<\/script>\n<!-- \/ Yoast SEO plugin. -->","_links":{"self":[{"href":"https:\/\/bionimeusa.com\/es\/wp-json\/wp\/v2\/product\/6289","targetHints":{"allow":["GET"]}}],"collection":[{"href":"https:\/\/bionimeusa.com\/es\/wp-json\/wp\/v2\/product"}],"about":[{"href":"https:\/\/bionimeusa.com\/es\/wp-json\/wp\/v2\/types\/product"}],"version-history":[{"count":6,"href":"https:\/\/bionimeusa.com\/es\/wp-json\/wp\/v2\/product\/6289\/revisions"}],"predecessor-version":[{"id":6412,"href":"https:\/\/bionimeusa.com\/es\/wp-json\/wp\/v2\/product\/6289\/revisions\/6412"}],"wp:featuredmedia":[{"embeddable":true,"href":"https:\/\/bionimeusa.com\/es\/wp-json\/wp\/v2\/media\/5931"}],"wp:attachment":[{"href":"https:\/\/bionimeusa.com\/es\/wp-json\/wp\/v2\/media?parent=6289"}],"curies":[{"name":"wp","href":"https:\/\/api.w.org\/{rel}","templated":true}]}}