{"id":6304,"date":"2021-03-10T09:27:02","date_gmt":"2021-03-10T09:27:02","guid":{"rendered":"https:\/\/bionimeusa.com\/?post_type=product&#038;p=6304"},"modified":"2026-01-13T02:19:57","modified_gmt":"2026-01-13T02:19:57","slug":"bionime-usa-max-max-plus","status":"publish","type":"product","link":"https:\/\/bionimeusa.com\/es\/producto\/bionime-usa-max-max-plus\/","title":{"rendered":"Max \/ Max Plus"},"content":{"rendered":"<div data-elementor-type=\"wp-post\" data-elementor-id=\"6304\" class=\"elementor elementor-6304\" data-elementor-settings=\"[]\">\n\t\t\t\t\t\t\t<div class=\"elementor-section-wrap\">\n\t\t\t\t\t\t\t<section class=\"elementor-section elementor-top-section elementor-element elementor-element-ecbbb53 elementor-section-boxed elementor-section-height-default elementor-section-height-default\" data-id=\"ecbbb53\" data-element_type=\"section\">\n\t\t\t\t\t\t<div class=\"elementor-container elementor-column-gap-default\">\n\t\t\t\t\t<div class=\"elementor-column elementor-col-100 elementor-top-column elementor-element elementor-element-142c311\" data-id=\"142c311\" data-element_type=\"column\">\n\t\t\t<div class=\"elementor-widget-wrap elementor-element-populated\">\n\t\t\t\t\t\t\t\t<div class=\"elementor-element elementor-element-301dffc elementor-widget elementor-widget-heading\" data-id=\"301dffc\" data-element_type=\"widget\" data-widget_type=\"heading.default\">\n\t\t\t\t<div class=\"elementor-widget-container\">\n\t\t\t<h2 class=\"elementor-heading-title elementor-size-default\">Especificaciones<\/h2>\t\t<\/div>\n\t\t\t\t<\/div>\n\t\t\t\t<div class=\"elementor-element elementor-element-904f8ac elementor-widget elementor-widget-text-editor\" data-id=\"904f8ac\" data-element_type=\"widget\" data-widget_type=\"text-editor.default\">\n\t\t\t\t<div class=\"elementor-widget-container\">\n\t\t\t\t\t<div class=\"elementor-text-editor elementor-clearfix\"><div class=\"table-container\"><table class=\"pro-spe-table wow fadeIn\" data-wow-duration=\"0.8s\" data-wow-delay=\"0.4s\"><tbody><tr><th>Tira de prueba<\/th><td colspan=\"2\">Max Strip<\/td><\/tr><tr><th>Codificaci\u00f3n<\/th><td colspan=\"2\">Codificaci\u00f3n autom\u00e1tica<\/td><\/tr><tr><th>Tecnolog\u00eda de medici\u00f3n \/ enzimas<\/th><td colspan=\"2\">GDH \/ Sensor electroqu\u00edmico<\/td><\/tr><tr><th>Fuente de muestra de sangre<\/th><td colspan=\"2\">Capillary whole blood (\u00adfinger, palm and arm)<\/td><\/tr><tr><th>Volumen m\u00ednimo de muestra<\/th><td colspan=\"2\">0.75 \u00b5L<\/td><\/tr><tr><th>Gama HCT<\/th><td colspan=\"2\">10 &#8211; 70%<\/td><\/tr><tr><th>Rango de medici\u00f3n<\/th><td colspan=\"2\">0.6 &#8211; 33.3 mmol\/L (10 &#8211; 600 mg\/dL)<\/td><\/tr><tr><th>Dimensiones del medidor (L x W x H)<\/th><td colspan=\"2\">82.0 x 50.0 x 15.5 mm (3.23 x 1.97 x 0.61 inch)<\/td><\/tr><tr><th>\u00c1rea de visualizaci\u00f3n (L x W)<\/th><td colspan=\"2\">40.7 x 40.2 mm (1.60 x 1.58 inch)<\/td><\/tr><tr><th>Peso (con bater\u00eda)<\/th><td colspan=\"2\">59.0 \u00b1 5 g<\/td><\/tr><tr><th>Fuente de alimentaci\u00f3n<\/th><td colspan=\"2\">1 \u00d7 bater\u00eda CR2032 para Max \uff5c 2 \u00d7 bater\u00edas CR2032 para Max Plus<\/td><\/tr><tr><th>Capacidad de memoria<\/th><td colspan=\"2\">500 resultados de pruebas con fecha y hora<\/td><\/tr><tr><th>Temperatura de funcionamiento<\/th><td colspan=\"2\">6 &#8211; 44\u00b0C (43 &#8211; 111\u00b0F)<\/td><\/tr><tr><th>Humedad relativa de funcionamiento<\/th><td colspan=\"2\">10 &#8211; 90%<\/td><\/tr><tr><th>Condiciones de almacenamiento del medidor<\/th><td colspan=\"2\">-10 &#8211; 60\u00b0C (14 &#8211; 140\u00b0F)<\/td><\/tr><tr><th>Condiciones de almacenamiento de las tiras reactivas<\/th><td colspan=\"2\">A 4 - 30 \u00b0 C (39 - 86 \u00b0 F) y por debajo del 90% de humedad relativa<\/td><\/tr><tr><th>Versi\u00f3n de Bluetooth (para Max Plus)<\/th><td colspan=\"2\">4.0<\/td><\/tr><tr><th>Precisi\u00f3n<\/th><td colspan=\"2\">For glucose concentrations &lt; 5.5 mmol\/L (100 mg\/dL),<br \/>95% of measured glucose values within \u00b1 0.83 mmol\/L (15 mg\/dL) of reference measurements.<br \/>For glucose concentrations \u2265 5.5 mmol\/L (100 mg\/dL),<br \/>95% of measured glucose values within \u00b1 15% of reference measurements.<\/td><\/tr><tr><th>Precisi\u00f3n<\/th><td colspan=\"2\">For glucose concentrations &lt; 5.5 mmol\/L (100 mg\/dL), SD &lt; 0.28 mmol\/L (5 mg\/dL)<br \/>For glucose concentrations \u2265 5.5 mmol\/L (100 mg\/dL), CV &lt; 5%<\/td><\/tr><\/tbody><\/table><\/div><p>Totalmente compatible con ISO 15197: 2013. (Para otras credenciales recibidas, cont\u00e1ctenos).<span style=\"font-family: Calibri, sans-serif; font-size: 12pt;\">Capillary whole blood (\u00adfinger, palm and arm)<\/span><\/p><\/div>\n\t\t\t\t<\/div>\n\t\t\t\t<\/div>\n\t\t\t\t\t<\/div>\n\t\t<\/div>\n\t\t\t\t\t\t\t<\/div>\n\t\t<\/section>\n\t\t\t\t<section class=\"elementor-section elementor-top-section elementor-element elementor-element-29ea4a7 elementor-section-boxed elementor-section-height-default elementor-section-height-default\" data-id=\"29ea4a7\" data-element_type=\"section\">\n\t\t\t\t\t\t<div class=\"elementor-container elementor-column-gap-default\">\n\t\t\t\t\t<div class=\"elementor-column elementor-col-100 elementor-top-column elementor-element elementor-element-14c86e1\" data-id=\"14c86e1\" data-element_type=\"column\">\n\t\t\t<div class=\"elementor-widget-wrap elementor-element-populated\">\n\t\t\t\t\t\t\t\t<div class=\"elementor-element elementor-element-78a4568 elementor-widget elementor-widget-heading\" data-id=\"78a4568\" data-element_type=\"widget\" data-widget_type=\"heading.default\">\n\t\t\t\t<div class=\"elementor-widget-container\">\n\t\t\t<h2 class=\"elementor-heading-title elementor-size-default\">Tutorial en video<\/h2>\t\t<\/div>\n\t\t\t\t<\/div>\n\t\t\t\t<div class=\"elementor-element elementor-element-f274b33 elementor-aspect-ratio-169 elementor-widget elementor-widget-video\" data-id=\"f274b33\" data-element_type=\"widget\" data-settings=\"{&quot;youtube_url&quot;:&quot;https:\\\/\\\/www.youtube.com\\\/watch?v=sB6oW42Q4oE&amp;feature=emb_logo&amp;ab_channel=Rightest%E7%91%9E%E7%89%B9&quot;,&quot;video_type&quot;:&quot;youtube&quot;,&quot;controls&quot;:&quot;yes&quot;,&quot;aspect_ratio&quot;:&quot;169&quot;}\" data-widget_type=\"video.default\">\n\t\t\t\t<div class=\"elementor-widget-container\">\n\t\t\t\t\t<div class=\"elementor-wrapper elementor-fit-aspect-ratio elementor-open-inline\">\n\t\t\t<div class=\"elementor-video\"><\/div>\t\t<\/div>\n\t\t\t\t<\/div>\n\t\t\t\t<\/div>\n\t\t\t\t\t<\/div>\n\t\t<\/div>\n\t\t\t\t\t\t\t<\/div>\n\t\t<\/section>\n\t\t\t\t\t\t<\/div>\n\t\t\t\t\t<\/div>","protected":false},"excerpt":{"rendered":"<p>Si\u00e9ntete seguro con la interfaz elegante e intuitiva del Max. Este dise\u00f1o elegante y oscuro utiliza un reactivo GDH y presenta una amplia gama de HCT, codificaci\u00f3n autom\u00e1tica, marcadores de estado y alertas de cetonas para mantener a los usuarios informados y en control.<\/p>\n<p>Caracter\u00edsticas:<\/p>\n<ul>\n<li>Amplia gama de HCT<\/li>\n<li>Alerta de cetonas<\/li>\n<li>Marcadores de estado<\/li>\n<\/ul>\n<p>Precisi\u00f3n confiable <a href=\"https:\/\/bionimeusa.com\/es\/rightest-care-app\/\">Rightest Care Aplicaci\u00f3n<\/a> con el Max Plus habilitado para Bluetooth:<\/p>\n<ul>\n<li>Manejo completo del az\u00facar en sangre<\/li>\n<li>Personalizaci\u00f3n<\/li>\n<li>Panel de estad\u00edsticas intuitivo<\/li>\n<\/ul>\n<table style=\"border: none;\">\n<tbody>\n<tr>\n<td style=\"border: none;\"><img loading=\"lazy\" decoding=\"async\" class=\"alignnone size-full wp-image-4284\" src=\"https:\/\/bionimeusa.com\/wp-content\/uploads\/2020\/10\/fda.jpg\" alt=\"\" width=\"103\" height=\"117\" \/><\/td>\n<td style=\"border: none;\"><img loading=\"lazy\" decoding=\"async\" class=\"alignnone size-full wp-image-4287\" src=\"https:\/\/bionimeusa.com\/wp-content\/uploads\/2020\/10\/\u56fe\u50cf-15.jpg\" alt=\"\" width=\"248\" height=\"117\" \/><\/td>\n<td style=\"border: none;\"><img loading=\"lazy\" decoding=\"async\" class=\"alignnone size-full wp-image-4283\" src=\"https:\/\/bionimeusa.com\/wp-content\/uploads\/2020\/10\/\u56fe\u50cf-16.jpg\" alt=\"\" width=\"112\" height=\"117\" \/><\/td>\n<td style=\"border: none;\"><img loading=\"lazy\" decoding=\"async\" class=\"alignnone size-full wp-image-4285\" src=\"https:\/\/bionimeusa.com\/wp-content\/uploads\/2020\/10\/\u56fe\u50cf-17.jpg\" alt=\"\" width=\"136\" height=\"117\" \/><\/td>\n<td style=\"border: none;\"><img loading=\"lazy\" decoding=\"async\" class=\"alignnone size-full wp-image-4286\" src=\"https:\/\/bionimeusa.com\/wp-content\/uploads\/2020\/10\/\u56fe\u50cf-18.jpg\" alt=\"\" width=\"103\" height=\"117\" \/><\/td>\n<\/tr>\n<\/tbody>\n<\/table>","protected":false},"featured_media":5480,"template":"","meta":[],"class_list":["post-6304","product","type-product","status-publish","has-post-thumbnail","hentry","product_cat-blood-glucose-meter","product_cat-rightest"],"yoast_head":"<!-- This site is optimized with the Yoast SEO plugin v15.9.1 - https:\/\/yoast.com\/wordpress\/plugins\/seo\/ -->\n<title>Max \/ Max Plus Blood Glucose Meter - BIONIMEUSA.COM<\/title>\n<meta name=\"description\" content=\"Meet the Bionime USA Max Plus. Featuring a wide HCT range, auto-coding, status markers and ketone alerts to keep users informed.\" \/>\n<link rel=\"canonical\" href=\"https:\/\/bionimeusa.com\/es\/producto\/bionime-usa-max-max-plus\/\" \/>\n<meta property=\"og:locale\" content=\"es_ES\" \/>\n<meta property=\"og:type\" content=\"article\" \/>\n<meta property=\"og:title\" content=\"Max \/ Max Plus Blood Glucose Meter - BIONIMEUSA.COM\" \/>\n<meta property=\"og:description\" content=\"Meet the Bionime USA Max Plus. Featuring a wide HCT range, auto-coding, status markers and ketone alerts to keep users informed.\" \/>\n<meta property=\"og:url\" content=\"https:\/\/bionimeusa.com\/es\/producto\/bionime-usa-max-max-plus\/\" \/>\n<meta property=\"og:site_name\" content=\"BIONIMEUSA.COM\" \/>\n<meta property=\"article:modified_time\" content=\"2026-01-13T02:19:57+00:00\" \/>\n<meta property=\"og:image\" content=\"https:\/\/bionimeusa.com\/wp-content\/uploads\/2020\/12\/max_mg_meterstrip-834x1024.png\" \/>\n\t<meta property=\"og:image:width\" content=\"834\" \/>\n\t<meta property=\"og:image:height\" content=\"1024\" \/>\n<meta name=\"twitter:card\" content=\"summary_large_image\" \/>\n<meta name=\"twitter:label1\" content=\"Tiempo de lectura\">\n\t<meta name=\"twitter:data1\" content=\"2 minutos\">\n<script type=\"application\/ld+json\" class=\"yoast-schema-graph\">{\"@context\":\"https:\/\/schema.org\",\"@graph\":[{\"@type\":\"WebSite\",\"@id\":\"https:\/\/bionimeusa.com\/#website\",\"url\":\"https:\/\/bionimeusa.com\/\",\"name\":\"BIONIMEUSA.COM\",\"description\":\"Bionime USA is part of Bionime, a manufacturer of innovative diabetes management technologies specializing in blood glucose meters and premium strip technology\",\"potentialAction\":[{\"@type\":\"SearchAction\",\"target\":\"https:\/\/bionimeusa.com\/?s={search_term_string}\",\"query-input\":\"required name=search_term_string\"}],\"inLanguage\":\"es\"},{\"@type\":\"ImageObject\",\"@id\":\"https:\/\/bionimeusa.com\/product\/bionime-usa-max-max-plus\/#primaryimage\",\"inLanguage\":\"es\",\"url\":\"https:\/\/bionimeusa.com\/wp-content\/uploads\/2020\/12\/max_mg_meterstrip.png\",\"width\":1804,\"height\":2216,\"caption\":\"Bionime USA Max Plus Blood Glucose Meter\"},{\"@type\":\"WebPage\",\"@id\":\"https:\/\/bionimeusa.com\/product\/bionime-usa-max-max-plus\/#webpage\",\"url\":\"https:\/\/bionimeusa.com\/product\/bionime-usa-max-max-plus\/\",\"name\":\"Max \/ Max Plus Blood Glucose Meter - BIONIMEUSA.COM\",\"isPartOf\":{\"@id\":\"https:\/\/bionimeusa.com\/#website\"},\"primaryImageOfPage\":{\"@id\":\"https:\/\/bionimeusa.com\/product\/bionime-usa-max-max-plus\/#primaryimage\"},\"datePublished\":\"2021-03-10T09:27:02+00:00\",\"dateModified\":\"2026-01-13T02:19:57+00:00\",\"description\":\"Meet the Bionime USA Max Plus. Featuring a wide HCT range, auto-coding, status markers and ketone alerts to keep users informed.\",\"breadcrumb\":{\"@id\":\"https:\/\/bionimeusa.com\/product\/bionime-usa-max-max-plus\/#breadcrumb\"},\"inLanguage\":\"es\",\"potentialAction\":[{\"@type\":\"ReadAction\",\"target\":[\"https:\/\/bionimeusa.com\/product\/bionime-usa-max-max-plus\/\"]}]},{\"@type\":\"BreadcrumbList\",\"@id\":\"https:\/\/bionimeusa.com\/product\/bionime-usa-max-max-plus\/#breadcrumb\",\"itemListElement\":[{\"@type\":\"ListItem\",\"position\":1,\"item\":{\"@type\":\"WebPage\",\"@id\":\"https:\/\/bionimeusa.com\/\",\"url\":\"https:\/\/bionimeusa.com\/\",\"name\":\"Home\"}},{\"@type\":\"ListItem\",\"position\":2,\"item\":{\"@type\":\"WebPage\",\"@id\":\"\",\"url\":\"\",\"name\":\"\"}},{\"@type\":\"ListItem\",\"position\":3,\"item\":{\"@type\":\"WebPage\",\"@id\":\"https:\/\/bionimeusa.com\/product\/bionime-usa-max-max-plus\/\",\"url\":\"https:\/\/bionimeusa.com\/product\/bionime-usa-max-max-plus\/\",\"name\":\"Max \/ Max Plus\"}}]}]}<\/script>\n<!-- \/ Yoast SEO plugin. -->","_links":{"self":[{"href":"https:\/\/bionimeusa.com\/es\/wp-json\/wp\/v2\/product\/6304","targetHints":{"allow":["GET"]}}],"collection":[{"href":"https:\/\/bionimeusa.com\/es\/wp-json\/wp\/v2\/product"}],"about":[{"href":"https:\/\/bionimeusa.com\/es\/wp-json\/wp\/v2\/types\/product"}],"version-history":[{"count":9,"href":"https:\/\/bionimeusa.com\/es\/wp-json\/wp\/v2\/product\/6304\/revisions"}],"predecessor-version":[{"id":6996,"href":"https:\/\/bionimeusa.com\/es\/wp-json\/wp\/v2\/product\/6304\/revisions\/6996"}],"wp:featuredmedia":[{"embeddable":true,"href":"https:\/\/bionimeusa.com\/es\/wp-json\/wp\/v2\/media\/5480"}],"wp:attachment":[{"href":"https:\/\/bionimeusa.com\/es\/wp-json\/wp\/v2\/media?parent=6304"}],"curies":[{"name":"wp","href":"https:\/\/api.w.org\/{rel}","templated":true}]}}